{"id":2,"date":"2010-11-10T11:46:21","date_gmt":"2010-11-10T10:46:21","guid":{"rendered":"http:\/\/blog.blumenundmehr.biz\/?page_id=2"},"modified":"2020-11-13T09:40:49","modified_gmt":"2020-11-13T08:40:49","slug":"eine-seite","status":"publish","type":"page","link":"https:\/\/blog.blumenundmehr.biz\/?page_id=2","title":{"rendered":"\u00dcber uns"},"content":{"rendered":"<p>Blumen und mehr&#8230;<\/p>\n<p><a href=\"https:\/\/blog.blumenundmehr.biz\/wp-content\/uploads\/2010-09-021.jpg\"><img loading=\"lazy\" decoding=\"async\" class=\"alignnone size-full wp-image-42\" title=\"2010-09-021\" src=\"https:\/\/blog.blumenundmehr.biz\/wp-content\/uploads\/2010-09-021.jpg\" alt=\"\" width=\"550\" height=\"367\" srcset=\"https:\/\/blog.blumenundmehr.biz\/wp-content\/uploads\/2010-09-021.jpg 550w, https:\/\/blog.blumenundmehr.biz\/wp-content\/uploads\/2010-09-021-300x200.jpg 300w\" sizes=\"auto, (max-width: 550px) 100vw, 550px\" \/><\/a><\/p>\n<p>Hier findest Du neben besonderer Floristik und frischen Str\u00e4u\u00dfen originelle Wohnaccessoires f\u00fcr Drinnen und Draussen. Zum Verschenken und um sich selbst eine Freude zu machen: Kleinigkeiten die Deinen Alltag ein wenig bunter und sch\u00f6ner machen.<br \/>Pflanzen f\u00fcr die Wohnung, Balkon und Garten findet man nat\u00fcrlich ebenso, wie eine Auswahl an Gef\u00e4\u00dfen um sie zur Geltung zu bringen.<br \/>Oder man kommt mit seiner Lieblingsvase vorbei und l\u00e4sst sie von Profihand bef\u00fcllen.<br \/>Dar\u00fcber hinaus gibt es sch\u00f6ne Kleinigkeiten wie Gru\u00dfkarten, Badekonfekt mit getrockneten Bl\u00fcten, Duftkerzen, Stoffe und Accessoires. Au\u00dferdem sind immer mal wieder kleinere Kollektionen ausgew\u00e4hlter Kleidung im Programm.<\/p>\n<p>Eine Individuelle Beratung mit Tipps und Anregungen im Bereich Blumen, Deko und Mode gibt es nat\u00fcrlich immer gratis dazu.<\/p>\n<p>Wir freuen uns auf Dich!<\/p>\n<p>PS: Wenn Dir Blumen und mehr&#8230; gef\u00e4llt und Du mit uns zufrieden bist, dann freuen wir uns \u00fcber einen Kommentar, Herzchen und Sternchen &#8211; hier im Blog, bei den Google-Rezensionen oder bei <a href=\"http:\/\/www.qype.com\/place\/1233211-Blumen-und-mehr--Burgdorf\" target=\"_blank\" rel=\"noopener noreferrer\">QYPE!<\/a><\/p>\n\n\n<p><\/p>\n","protected":false},"excerpt":{"rendered":"<p>Blumen und mehr&#8230; Hier findest Du neben besonderer Floristik und frischen Str\u00e4u\u00dfen originelle Wohnaccessoires f\u00fcr Drinnen und Draussen. Zum Verschenken und um sich selbst eine Freude zu machen: Kleinigkeiten die Deinen Alltag ein wenig bunter und sch\u00f6ner machen.Pflanzen f\u00fcr die &hellip; <a href=\"https:\/\/blog.blumenundmehr.biz\/?page_id=2\">Weiterlesen <span class=\"meta-nav\">&rarr;<\/span><\/a><\/p>\n","protected":false},"author":1,"featured_media":0,"parent":0,"menu_order":0,"comment_status":"closed","ping_status":"closed","template":"","meta":{"footnotes":""},"class_list":["post-2","page","type-page","status-publish","hentry"],"_links":{"self":[{"href":"https:\/\/blog.blumenundmehr.biz\/index.php?rest_route=\/wp\/v2\/pages\/2","targetHints":{"allow":["GET"]}}],"collection":[{"href":"https:\/\/blog.blumenundmehr.biz\/index.php?rest_route=\/wp\/v2\/pages"}],"about":[{"href":"https:\/\/blog.blumenundmehr.biz\/index.php?rest_route=\/wp\/v2\/types\/page"}],"author":[{"embeddable":true,"href":"https:\/\/blog.blumenundmehr.biz\/index.php?rest_route=\/wp\/v2\/users\/1"}],"replies":[{"embeddable":true,"href":"https:\/\/blog.blumenundmehr.biz\/index.php?rest_route=%2Fwp%2Fv2%2Fcomments&post=2"}],"version-history":[{"count":12,"href":"https:\/\/blog.blumenundmehr.biz\/index.php?rest_route=\/wp\/v2\/pages\/2\/revisions"}],"predecessor-version":[{"id":1085,"href":"https:\/\/blog.blumenundmehr.biz\/index.php?rest_route=\/wp\/v2\/pages\/2\/revisions\/1085"}],"wp:attachment":[{"href":"https:\/\/blog.blumenundmehr.biz\/index.php?rest_route=%2Fwp%2Fv2%2Fmedia&parent=2"}],"curies":[{"name":"wp","href":"https:\/\/api.w.org\/{rel}","templated":true}]}}