{"id":22,"date":"2010-11-10T14:42:16","date_gmt":"2010-11-10T13:42:16","guid":{"rendered":"http:\/\/blog.blumenundmehr.biz\/?page_id=22"},"modified":"2019-10-15T19:41:54","modified_gmt":"2019-10-15T18:41:54","slug":"impressum","status":"publish","type":"page","link":"https:\/\/blog.blumenundmehr.biz\/?page_id=22","title":{"rendered":"Impressum"},"content":{"rendered":"<p><strong>Angaben gem\u00e4\u00df \u00a7 5 TMG<\/strong><\/p>\n<p><strong>Blumen und mehr&#8230;<\/strong><\/p>\n<p>Nicola Weutschihofski<br \/>\nHannoversche Neustadt 10<br \/>\n31303 Burgdorf<\/p>\n<p>eMail-Adresse: Ria.Rubow@gmx.de<br \/>\nTelefon: 05136 \/ 2624<br \/>\nwww.blumenundmehr.biz<\/p>\n<p>Steuernummer: 1614700602<\/p>\n<p><strong>Verantwortlich f\u00fcr den Inhalt nach \u00a7 55 Abs. 2RSTV<br \/>\n<\/strong><\/p>\n<p>Ria Rubow<br \/>\nDornkamp 7<br \/>\n31191 Algermissen<\/p>\n<p>Links zu anderen Seiten w\u00e4hle ich mit Bedacht aus, aber trotz dieser sorgf\u00e4ltigen Recherche, kann ich keine Haftung f\u00fcr die Inhalte externer Links \u00fcbernehmen. F\u00fcr den Inhalt der verlinkten Seiten sind ausschliesslich deren Betreiber verantwortlich.<\/p>\n<p>Sollten im Blog Texte, Bilder oder Links Ansto\u00df erregen oder sogar rechtlich bedenklich sein, so bitte ich um eine E-Mail um diesen Umstand zu beseitigen.<\/p>\n<p>Bitte kopiert keine Bilder oder Texte dieses Blogs ohne meine vorherige Einwilligung. Dankesch\u00f6n.<\/p>\n","protected":false},"excerpt":{"rendered":"<p>Angaben gem\u00e4\u00df \u00a7 5 TMG Blumen und mehr&#8230; Nicola Weutschihofski Hannoversche Neustadt 10 31303 Burgdorf eMail-Adresse: Ria.Rubow@gmx.de Telefon: 05136 \/ 2624 www.blumenundmehr.biz Steuernummer: 1614700602 Verantwortlich f\u00fcr den Inhalt nach \u00a7 55 Abs. 2RSTV Ria Rubow Dornkamp 7 31191 Algermissen Links &hellip; <a href=\"https:\/\/blog.blumenundmehr.biz\/?page_id=22\">Weiterlesen <span class=\"meta-nav\">&rarr;<\/span><\/a><\/p>\n","protected":false},"author":1,"featured_media":0,"parent":0,"menu_order":4,"comment_status":"closed","ping_status":"closed","template":"","meta":{"footnotes":""},"class_list":["post-22","page","type-page","status-publish","hentry"],"_links":{"self":[{"href":"https:\/\/blog.blumenundmehr.biz\/index.php?rest_route=\/wp\/v2\/pages\/22","targetHints":{"allow":["GET"]}}],"collection":[{"href":"https:\/\/blog.blumenundmehr.biz\/index.php?rest_route=\/wp\/v2\/pages"}],"about":[{"href":"https:\/\/blog.blumenundmehr.biz\/index.php?rest_route=\/wp\/v2\/types\/page"}],"author":[{"embeddable":true,"href":"https:\/\/blog.blumenundmehr.biz\/index.php?rest_route=\/wp\/v2\/users\/1"}],"replies":[{"embeddable":true,"href":"https:\/\/blog.blumenundmehr.biz\/index.php?rest_route=%2Fwp%2Fv2%2Fcomments&post=22"}],"version-history":[{"count":10,"href":"https:\/\/blog.blumenundmehr.biz\/index.php?rest_route=\/wp\/v2\/pages\/22\/revisions"}],"predecessor-version":[{"id":1016,"href":"https:\/\/blog.blumenundmehr.biz\/index.php?rest_route=\/wp\/v2\/pages\/22\/revisions\/1016"}],"wp:attachment":[{"href":"https:\/\/blog.blumenundmehr.biz\/index.php?rest_route=%2Fwp%2Fv2%2Fmedia&parent=22"}],"curies":[{"name":"wp","href":"https:\/\/api.w.org\/{rel}","templated":true}]}}